{"id":17177,"date":"2024-10-27T10:51:53","date_gmt":"2024-10-27T09:51:53","guid":{"rendered":"https:\/\/spectrumfilaments.com\/the-filament\/"},"modified":"2024-10-27T12:10:32","modified_gmt":"2024-10-27T11:10:32","slug":"the-filament","status":"publish","type":"page","link":"https:\/\/spectrumfilaments.com\/de\/the-filament\/","title":{"rendered":"The Filament"},"content":{"rendered":"\n<div class=\"wp-block-group alignfull has-background is-layout-constrained wp-block-group-is-layout-constrained\" style=\"background:linear-gradient(0deg,rgb(255,239,186) 0%,rgb(255,255,255) 98%);padding-top:80px\">\n<figure class=\"wp-block-image aligncenter size-full is-resized\"><img loading=\"lazy\" decoding=\"async\" width=\"661\" height=\"80\" src=\"https:\/\/spectrumfilaments.com\/wp-content\/uploads\/2024\/10\/the-filament.png\" alt=\"\" class=\"wp-image-17153\" style=\"width:auto;height:28px\"\/><\/figure>\n\n\n\n<h1 class=\"wp-block-heading has-text-align-center\" style=\"font-size:clamp(27.894px, 1.743rem + ((1vw - 3.2px) * 1.862), 48px);\">Neue Filzmarke von Spectrum<\/h1>\n\n\n\n<div class=\"wp-block-buttons is-content-justification-center is-layout-flex wp-container-core-buttons-is-layout-4caead08 wp-block-buttons-is-layout-flex\" style=\"margin-bottom:48px\">\n<div class=\"wp-block-button scrollBtn\"><a class=\"wp-block-button__link wp-element-button\" href=\"#produkty\">Angebot pr\u00fcfen<\/a><\/div>\n<\/div>\n\n\n\n<figure class=\"wp-block-image size-full\"><img loading=\"lazy\" decoding=\"async\" width=\"1024\" height=\"198\" src=\"https:\/\/spectrumfilaments.com\/wp-content\/uploads\/2024\/10\/the-filament-filamenty.webp\" alt=\"\" class=\"wp-image-17144\" srcset=\"https:\/\/spectrumfilaments.com\/wp-content\/uploads\/2024\/10\/the-filament-filamenty.webp 1024w, https:\/\/spectrumfilaments.com\/wp-content\/uploads\/2024\/10\/the-filament-filamenty-800x155.webp 800w, https:\/\/spectrumfilaments.com\/wp-content\/uploads\/2024\/10\/the-filament-filamenty-768x149.webp 768w\" sizes=\"auto, (max-width: 1024px) 100vw, 1024px\" \/><\/figure>\n<\/div>\n\n\n\r\n  <section id=\"intro-text-1\"  class=\"intro-text text-align-left align wp-block-acf-intro-section\">\r\n    \n\n<p><strong>THE FILAMENT by Spectrum<\/strong> ist eine neue Serie von Filamenten, die speziell f\u00fcr 3D-Druck-Nutzer entwickelt wurde, die Praktikabilit\u00e4t und Funktionalit\u00e4t in den Vordergrund stellen.<\/p>\n\n\r\n  <\/section><!-- \/.photo-with-text left-photo -->\r\n\r\n\r\n\n\n\n<hr class=\"wp-block-separator has-alpha-channel-opacity is-style-wide\"\/>\n\n\n\n<p>Diese Serie richtet sich sowohl an Anf\u00e4nger im 3D-Druck als auch an erfahrene Profis, die Zuverl\u00e4ssigkeit, Pr\u00e4zision und einfache Handhabung erwarten, ohne Kompromisse bei der Qualit\u00e4t einzugehen. <strong>THE FILAMENT<\/strong> vereint Eigenschaften, die selbst die anspruchsvollsten Anwender zufriedenstellen \u2013 Druckstabilit\u00e4t, hervorragende Haftung auf der Druckplatte und eine gleichm\u00e4\u00dfige Struktur, die zu einer pr\u00e4zisen Wiedergabe von Details bei jedem Projekt f\u00fchrt.<\/p>\n\n\n\n<figure class=\"wp-block-gallery has-nested-images columns-default is-cropped wp-block-gallery-2 is-layout-flex wp-block-gallery-is-layout-flex\">\n<figure class=\"wp-block-image size-large\"><img loading=\"lazy\" decoding=\"async\" width=\"1024\" height=\"768\" data-id=\"17104\" src=\"https:\/\/spectrumfilaments.com\/wp-content\/uploads\/2024\/10\/the-filament-08-1024x768.webp\" alt=\"\" class=\"wp-image-17104\" srcset=\"https:\/\/spectrumfilaments.com\/wp-content\/uploads\/2024\/10\/the-filament-08-1024x768.webp 1024w, https:\/\/spectrumfilaments.com\/wp-content\/uploads\/2024\/10\/the-filament-08-800x600.webp 800w, https:\/\/spectrumfilaments.com\/wp-content\/uploads\/2024\/10\/the-filament-08-768x576.webp 768w, https:\/\/spectrumfilaments.com\/wp-content\/uploads\/2024\/10\/the-filament-08.webp 1280w\" sizes=\"auto, (max-width: 1024px) 100vw, 1024px\" \/><\/figure>\n\n\n\n<figure class=\"wp-block-image size-large\"><img loading=\"lazy\" decoding=\"async\" width=\"1024\" height=\"767\" data-id=\"17109\" src=\"https:\/\/spectrumfilaments.com\/wp-content\/uploads\/2024\/10\/the-filament-10-1024x767.webp\" alt=\"\" class=\"wp-image-17109\" srcset=\"https:\/\/spectrumfilaments.com\/wp-content\/uploads\/2024\/10\/the-filament-10-1024x767.webp 1024w, https:\/\/spectrumfilaments.com\/wp-content\/uploads\/2024\/10\/the-filament-10-800x600.webp 800w, https:\/\/spectrumfilaments.com\/wp-content\/uploads\/2024\/10\/the-filament-10-768x575.webp 768w, https:\/\/spectrumfilaments.com\/wp-content\/uploads\/2024\/10\/the-filament-10.webp 1280w\" sizes=\"auto, (max-width: 1024px) 100vw, 1024px\" \/><\/figure>\n<\/figure>\n\n\n\n<p>Jedes Filament der <strong>THE FILAMENT by Spectrum<\/strong> Serie wird strengen Qualit\u00e4tstests unterzogen, um eine gleichm\u00e4\u00dfige Farbgebung, hervorragende Benutzerfreundlichkeit und Ma\u00dfstabilit\u00e4t zu gew\u00e4hrleisten. Egal ob Sie Prototypen, Konzeptmodelle oder funktionale Teile erstellen \u2013 Sie k\u00f6nnen sicher sein, dass dieses Produkt jedes Mal eine hohe Druckqualit\u00e4t liefert. Diese Filamente sind mit einer breiten Palette von 3D-Druckern hochkompatibel, was sie ideal f\u00fcr Projekte sowohl im privaten als auch im industriellen Bereich macht.<\/p>\n\n\n\n<div class=\"wp-block-buttons is-content-justification-center is-layout-flex wp-container-core-buttons-is-layout-a89b3969 wp-block-buttons-is-layout-flex\">\n<div class=\"wp-block-button scrollBtn\"><a class=\"wp-block-button__link wp-element-button\" href=\"#produkty\">Angebot pr\u00fcfen<\/a><\/div>\n<\/div>\n\n\n\n<figure class=\"wp-block-gallery has-nested-images columns-2 is-cropped wp-block-gallery-3 is-layout-flex wp-block-gallery-is-layout-flex\">\n<figure class=\"wp-block-image size-large\"><img loading=\"lazy\" decoding=\"async\" width=\"1024\" height=\"683\" data-id=\"17114\" src=\"https:\/\/spectrumfilaments.com\/wp-content\/uploads\/2024\/10\/the-filament-03-1024x683.webp\" alt=\"\" class=\"wp-image-17114\" srcset=\"https:\/\/spectrumfilaments.com\/wp-content\/uploads\/2024\/10\/the-filament-03-1024x683.webp 1024w, https:\/\/spectrumfilaments.com\/wp-content\/uploads\/2024\/10\/the-filament-03-800x534.webp 800w, https:\/\/spectrumfilaments.com\/wp-content\/uploads\/2024\/10\/the-filament-03-768x512.webp 768w, https:\/\/spectrumfilaments.com\/wp-content\/uploads\/2024\/10\/the-filament-03.webp 1280w\" sizes=\"auto, (max-width: 1024px) 100vw, 1024px\" \/><\/figure>\n\n\n\n<figure class=\"wp-block-image size-large\"><img loading=\"lazy\" decoding=\"async\" width=\"1024\" height=\"768\" data-id=\"17119\" src=\"https:\/\/spectrumfilaments.com\/wp-content\/uploads\/2024\/10\/the-filament-04-1024x768.webp\" alt=\"\" class=\"wp-image-17119\" srcset=\"https:\/\/spectrumfilaments.com\/wp-content\/uploads\/2024\/10\/the-filament-04-1024x768.webp 1024w, https:\/\/spectrumfilaments.com\/wp-content\/uploads\/2024\/10\/the-filament-04-800x600.webp 800w, https:\/\/spectrumfilaments.com\/wp-content\/uploads\/2024\/10\/the-filament-04-768x576.webp 768w, https:\/\/spectrumfilaments.com\/wp-content\/uploads\/2024\/10\/the-filament-04.webp 1280w\" sizes=\"auto, (max-width: 1024px) 100vw, 1024px\" \/><\/figure>\n\n\n\n<figure class=\"wp-block-image size-large\"><img loading=\"lazy\" decoding=\"async\" width=\"1024\" height=\"768\" data-id=\"17124\" src=\"https:\/\/spectrumfilaments.com\/wp-content\/uploads\/2024\/10\/the-filament-05-1024x768.webp\" alt=\"\" class=\"wp-image-17124\" srcset=\"https:\/\/spectrumfilaments.com\/wp-content\/uploads\/2024\/10\/the-filament-05-1024x768.webp 1024w, https:\/\/spectrumfilaments.com\/wp-content\/uploads\/2024\/10\/the-filament-05-800x600.webp 800w, https:\/\/spectrumfilaments.com\/wp-content\/uploads\/2024\/10\/the-filament-05-768x576.webp 768w, https:\/\/spectrumfilaments.com\/wp-content\/uploads\/2024\/10\/the-filament-05.webp 1280w\" sizes=\"auto, (max-width: 1024px) 100vw, 1024px\" \/><\/figure>\n\n\n\n<figure class=\"wp-block-image size-large\"><img loading=\"lazy\" decoding=\"async\" width=\"1024\" height=\"768\" data-id=\"17129\" src=\"https:\/\/spectrumfilaments.com\/wp-content\/uploads\/2024\/10\/the-filament-07-1024x768.webp\" alt=\"\" class=\"wp-image-17129\" srcset=\"https:\/\/spectrumfilaments.com\/wp-content\/uploads\/2024\/10\/the-filament-07-1024x768.webp 1024w, https:\/\/spectrumfilaments.com\/wp-content\/uploads\/2024\/10\/the-filament-07-800x600.webp 800w, https:\/\/spectrumfilaments.com\/wp-content\/uploads\/2024\/10\/the-filament-07-768x576.webp 768w, https:\/\/spectrumfilaments.com\/wp-content\/uploads\/2024\/10\/the-filament-07.webp 1280w\" sizes=\"auto, (max-width: 1024px) 100vw, 1024px\" \/><\/figure>\n<\/figure>\n\n\n\n<div class=\"wp-block-buttons is-content-justification-center is-layout-flex wp-container-core-buttons-is-layout-a89b3969 wp-block-buttons-is-layout-flex\">\n<div class=\"wp-block-button scrollBtn\"><a class=\"wp-block-button__link wp-element-button\" href=\"#produkty\">Angebot pr\u00fcfen<\/a><\/div>\n<\/div>\n\n\n\n<p>Die <strong>THE FILAMENT by Spectrum<\/strong> Serie beginnt mit klassischen PLA- und PET-G-Filamenten in einer sorgf\u00e4ltig ausgew\u00e4hlten Palette der beliebtesten Farben, die sich perfekt zur Verwirklichung all Ihrer kreativen Ideen eignen. Bald wird das Portfolio um fortschrittlichere Verbundmaterialien erweitert, die ideal f\u00fcr Projekte sind, die spezielle Eigenschaften wie mechanische Festigkeit oder Hitzebest\u00e4ndigkeit erfordern. <strong>Dank einer durchdachten Materialauswahl findet jeder Nutzer das passende Filament f\u00fcr seine Bed\u00fcrfnisse.<\/strong><\/p>\n\n\n\n<figure class=\"wp-block-gallery has-nested-images columns-default is-cropped wp-block-gallery-4 is-layout-flex wp-block-gallery-is-layout-flex\">\n<figure class=\"wp-block-image size-large\"><img loading=\"lazy\" decoding=\"async\" width=\"1024\" height=\"768\" data-id=\"17134\" src=\"https:\/\/spectrumfilaments.com\/wp-content\/uploads\/2024\/10\/the-filament-02-1024x768.webp\" alt=\"\" class=\"wp-image-17134\" srcset=\"https:\/\/spectrumfilaments.com\/wp-content\/uploads\/2024\/10\/the-filament-02-1024x768.webp 1024w, https:\/\/spectrumfilaments.com\/wp-content\/uploads\/2024\/10\/the-filament-02-800x600.webp 800w, https:\/\/spectrumfilaments.com\/wp-content\/uploads\/2024\/10\/the-filament-02-768x576.webp 768w, https:\/\/spectrumfilaments.com\/wp-content\/uploads\/2024\/10\/the-filament-02.webp 1280w\" sizes=\"auto, (max-width: 1024px) 100vw, 1024px\" \/><\/figure>\n\n\n\n<figure class=\"wp-block-image size-large\"><img loading=\"lazy\" decoding=\"async\" width=\"1024\" height=\"768\" data-id=\"17139\" src=\"https:\/\/spectrumfilaments.com\/wp-content\/uploads\/2024\/10\/the-filament-09-1024x768.webp\" alt=\"\" class=\"wp-image-17139\" srcset=\"https:\/\/spectrumfilaments.com\/wp-content\/uploads\/2024\/10\/the-filament-09-1024x768.webp 1024w, https:\/\/spectrumfilaments.com\/wp-content\/uploads\/2024\/10\/the-filament-09-800x600.webp 800w, https:\/\/spectrumfilaments.com\/wp-content\/uploads\/2024\/10\/the-filament-09-768x576.webp 768w, https:\/\/spectrumfilaments.com\/wp-content\/uploads\/2024\/10\/the-filament-09.webp 1280w\" sizes=\"auto, (max-width: 1024px) 100vw, 1024px\" \/><\/figure>\n<\/figure>\n\n\n\n<p><strong>THE FILAMENT by Spectrum<\/strong> ist eine &#8222;no frills&#8220;-Serie, die hohe Qualit\u00e4t in einer einfacheren Ausf\u00fchrung bietet. Mit dem Fokus auf Praktikabilit\u00e4t und Funktionalit\u00e4t ist sie die perfekte Wahl f\u00fcr alle, die 3D-Druck ohne hohe Kosten genie\u00dfen m\u00f6chten. Mit THE FILAMENT k\u00f6nnen Sie bei jedem Druck eine pr\u00e4zise Detailwiedergabe erwarten. <strong>Es ist eine preisg\u00fcnstige Alternative, die keine Kompromisse bei der Qualit\u00e4t eingeht und sich auf das Wesentliche konzentriert.<\/strong><\/p>\n\n\n\n<hr class=\"wp-block-separator has-alpha-channel-opacity is-style-wide\"\/>\n\n\n\n<h2 class=\"wp-block-heading has-text-align-center has-xx-large-font-size\" id=\"produkty\">Angebot pr\u00fcfen<\/h2>\n\n\n\r\n  <section  class=\"products-grid-wrap alignwide text-align-left\">\r\n    <div class=\"products-grid grid-4\">\r\n      <div class=\"products-filter-item js-filter__item\" data-filter=\"t brand-spectrum-filaments material-petg refill-ja heat_res-65-85c surface-kohlenstoffoptik enclosure-nicht-erforderlich\" data-search=\", The Filament PETG CF\">\r\n  <div class=\"photo-wrap\">\r\n    <a href=\"https:\/\/spectrumfilaments.com\/de\/filament\/the-filament-petg-cf\/\" class=\"photo\">\r\n      <img decoding=\"async\" loading=\"lazy\" src=\"https:\/\/spectrumfilaments.com\/wp-content\/uploads\/2024\/10\/the_filament_blue_petg_cf_1-800x600.webp\" alt=\"the-filament-petg-cf\" width=\"800\" height=\"600\">\r\n    <\/a>\r\n    <button class=\"compare-link\"\r\n    data-name=\"the-filament-petg-cf\"\r\n    data-title=\"The Filament PETG CF\"\r\n    id=\"the-filament-petg-cf-title\"\r\n    data-textincompare=\"Ausgew\u00e4hlt\"\r\n    data-textcompare=\"Vergleichen\"\r\n    >\r\n      <span>Vergleichen<\/span>\r\n      <em>Ausgew\u00e4hlt<\/em>\r\n    <\/button><!-- \/.compare-link -->\r\n\r\n        <span class=\"refill-info\">\r\n      Refill    <\/span><!-- \/.refill-info -->\r\n      <\/div><!-- \/.photo-wrap -->\r\n  <div class=\"desc\">\r\n    <h2 class=\"title\">\r\n      <a href=\"https:\/\/spectrumfilaments.com\/de\/filament\/the-filament-petg-cf\/\">The Filament PETG CF<\/a>\r\n    <\/h2><!-- \/.title -->\r\n    <div class=\"advantages\">\r\n      <ul>\n<li>Vicat-Erweichungstemperatur &#8211; 78\u00b0C<\/li>\n<li>verbindet Vorteile von PLA und ABS<\/li>\n<li>Basismaterial zugelassen f\u00fcr den Kontakt mit Lebensmitteln<\/li>\n<\/ul>\n    <\/div><!-- \/.advantages -->\r\n  <\/div><!-- \/.desc -->\r\n<\/div>\r\n<div class=\"products-filter-item js-filter__item\" data-filter=\"t brand-spectrum-filaments material-pla refill-ja heat_res-65c surface-glaenzend enclosure-nicht-erforderlich\" data-search=\", The Filament PLA\">\r\n  <div class=\"photo-wrap\">\r\n    <a href=\"https:\/\/spectrumfilaments.com\/de\/filament\/the-filament-pla\/\" class=\"photo\">\r\n      <img decoding=\"async\" loading=\"lazy\" src=\"https:\/\/spectrumfilaments.com\/wp-content\/uploads\/2024\/10\/the_filament_strawberry_pink_pla_1-800x600.webp\" alt=\"the-filament-pla\" width=\"800\" height=\"600\">\r\n    <\/a>\r\n    <button class=\"compare-link\"\r\n    data-name=\"the-filament-pla\"\r\n    data-title=\"The Filament PLA\"\r\n    id=\"the-filament-pla-title\"\r\n    data-textincompare=\"Ausgew\u00e4hlt\"\r\n    data-textcompare=\"Vergleichen\"\r\n    >\r\n      <span>Vergleichen<\/span>\r\n      <em>Ausgew\u00e4hlt<\/em>\r\n    <\/button><!-- \/.compare-link -->\r\n\r\n        <span class=\"refill-info\">\r\n      Refill    <\/span><!-- \/.refill-info -->\r\n      <\/div><!-- \/.photo-wrap -->\r\n  <div class=\"desc\">\r\n    <h2 class=\"title\">\r\n      <a href=\"https:\/\/spectrumfilaments.com\/de\/filament\/the-filament-pla\/\">The Filament PLA<\/a>\r\n    <\/h2><!-- \/.title -->\r\n    <div class=\"advantages\">\r\n      <ul>\n<li>Alternative zu Materialien auf Styrolbasis<\/li>\n<li>erh\u00f6hte Temperaturbest\u00e4ndigkeit nach W\u00e4rmebehandlung (bis 85\u00b0C)<\/li>\n<li>verbesserte Adh\u00e4sion zwischen Schichten<\/li>\n<\/ul>\n    <\/div><!-- \/.advantages -->\r\n  <\/div><!-- \/.desc -->\r\n<\/div>\r\n<div class=\"products-filter-item js-filter__item\" data-filter=\"t brand-spectrum-filaments material-pla refill-ja heat_res-65c surface-kohlenstoffoptik enclosure-nicht-erforderlich\" data-search=\", The Filament PLA CF\">\r\n  <div class=\"photo-wrap\">\r\n    <a href=\"https:\/\/spectrumfilaments.com\/de\/filament\/the-filament-pla-cf\/\" class=\"photo\">\r\n      <img decoding=\"async\" loading=\"lazy\" src=\"https:\/\/spectrumfilaments.com\/wp-content\/uploads\/2024\/10\/the_filament_violet_pla_cf_1-800x600.webp\" alt=\"the-filament-pla-cf\" width=\"800\" height=\"600\">\r\n    <\/a>\r\n    <button class=\"compare-link\"\r\n    data-name=\"the-filament-pla-cf\"\r\n    data-title=\"The Filament PLA CF\"\r\n    id=\"the-filament-pla-cf-title\"\r\n    data-textincompare=\"Ausgew\u00e4hlt\"\r\n    data-textcompare=\"Vergleichen\"\r\n    >\r\n      <span>Vergleichen<\/span>\r\n      <em>Ausgew\u00e4hlt<\/em>\r\n    <\/button><!-- \/.compare-link -->\r\n\r\n        <span class=\"refill-info\">\r\n      Refill    <\/span><!-- \/.refill-info -->\r\n      <\/div><!-- \/.photo-wrap -->\r\n  <div class=\"desc\">\r\n    <h2 class=\"title\">\r\n      <a href=\"https:\/\/spectrumfilaments.com\/de\/filament\/the-filament-pla-cf\/\">The Filament PLA CF<\/a>\r\n    <\/h2><!-- \/.title -->\r\n    <div class=\"advantages\">\r\n      <ul>\n<li>Alternative zu Materialien auf Styrolbasis<\/li>\n<li>erh\u00f6hte Temperaturbest\u00e4ndigkeit nach W\u00e4rmebehandlung (bis 85\u00b0C)<\/li>\n<li>verbesserte Adh\u00e4sion zwischen Schichten<\/li>\n<\/ul>\n    <\/div><!-- \/.advantages -->\r\n  <\/div><!-- \/.desc -->\r\n<\/div>\r\n<div class=\"products-filter-item js-filter__item\" data-filter=\"t brand-spectrum-filaments material-pla refill-ja heat_res-65c surface-glaenzend enclosure-nicht-erforderlich\" data-search=\", The Filament PLA HS\">\r\n  <div class=\"photo-wrap\">\r\n    <a href=\"https:\/\/spectrumfilaments.com\/de\/filament\/the-filament-pla-hs\/\" class=\"photo\">\r\n      <img decoding=\"async\" loading=\"lazy\" src=\"https:\/\/spectrumfilaments.com\/wp-content\/uploads\/2024\/10\/the_filament_winter_blue_pla_hs_1-800x600.webp\" alt=\"the-filament-pla-hs\" width=\"800\" height=\"600\">\r\n    <\/a>\r\n    <button class=\"compare-link\"\r\n    data-name=\"the-filament-pla-hs\"\r\n    data-title=\"The Filament PLA HS\"\r\n    id=\"the-filament-pla-hs-title\"\r\n    data-textincompare=\"Ausgew\u00e4hlt\"\r\n    data-textcompare=\"Vergleichen\"\r\n    >\r\n      <span>Vergleichen<\/span>\r\n      <em>Ausgew\u00e4hlt<\/em>\r\n    <\/button><!-- \/.compare-link -->\r\n\r\n        <span class=\"refill-info\">\r\n      Refill    <\/span><!-- \/.refill-info -->\r\n      <\/div><!-- \/.photo-wrap -->\r\n  <div class=\"desc\">\r\n    <h2 class=\"title\">\r\n      <a href=\"https:\/\/spectrumfilaments.com\/de\/filament\/the-filament-pla-hs\/\">The Filament PLA HS<\/a>\r\n    <\/h2><!-- \/.title -->\r\n    <div class=\"advantages\">\r\n      <ul>\n<li>Alternative zu Materialien auf Styrolbasis<\/li>\n<li>erh\u00f6hte Temperaturbest\u00e4ndigkeit nach W\u00e4rmebehandlung (bis 85\u00b0C)<\/li>\n<li>verbesserte Adh\u00e4sion zwischen Schichten<\/li>\n<\/ul>\n    <\/div><!-- \/.advantages -->\r\n  <\/div><!-- \/.desc -->\r\n<\/div>\r\n    <\/div><!-- \/.products-grid -->\r\n  <\/section><!-- \/.full-section -->\r\n\r\n\n\n\n<div class=\"wp-block-group alignwide has-border-color has-background is-layout-constrained wp-block-group-is-layout-constrained\" style=\"border-color:#ffefba;border-width:1px;border-radius:16px;background:linear-gradient(0deg,rgb(255,244,207) 0%,rgb(255,250,234) 100%);padding-top:64px;padding-bottom:64px\">\n<p class=\"has-text-align-center has-xx-large-font-size\"> Haben wir Sie \u00fcberzeugt?<\/p>\n\n\n\n<div class=\"wp-block-buttons is-content-justification-center is-layout-flex wp-container-core-buttons-is-layout-a89b3969 wp-block-buttons-is-layout-flex\">\n<div class=\"wp-block-button\"><a class=\"wp-block-button__link wp-element-button\" href=\"https:\/\/shop.spectrumfilaments.com\/\"> Besuchen Sie unser Gesch\u00e4ft<\/a><\/div>\n<\/div>\n<\/div>\n\n\n\n<p><\/p>\n","protected":false},"excerpt":{"rendered":"<p>Neue Filzmarke von Spectrum Diese Serie richtet sich sowohl an Anf\u00e4nger im 3D-Druck als auch an erfahrene Profis, die Zuverl\u00e4ssigkeit, Pr\u00e4zision und einfache Handhabung erwarten, ohne Kompromisse bei der Qualit\u00e4t einzugehen. THE FILAMENT vereint Eigenschaften, die selbst die anspruchsvollsten Anwender zufriedenstellen \u2013 Druckstabilit\u00e4t, hervorragende Haftung auf der Druckplatte und eine gleichm\u00e4\u00dfige Struktur, die zu einer [&hellip;]<\/p>\n","protected":false},"author":3,"featured_media":0,"parent":0,"menu_order":0,"comment_status":"closed","ping_status":"closed","template":"template_page_no_title.php","meta":{"_acf_changed":false,"footnotes":""},"class_list":["post-17177","page","type-page","status-publish","hentry"],"acf":[],"_links":{"self":[{"href":"https:\/\/spectrumfilaments.com\/de\/wp-json\/wp\/v2\/pages\/17177","targetHints":{"allow":["GET"]}}],"collection":[{"href":"https:\/\/spectrumfilaments.com\/de\/wp-json\/wp\/v2\/pages"}],"about":[{"href":"https:\/\/spectrumfilaments.com\/de\/wp-json\/wp\/v2\/types\/page"}],"author":[{"embeddable":true,"href":"https:\/\/spectrumfilaments.com\/de\/wp-json\/wp\/v2\/users\/3"}],"replies":[{"embeddable":true,"href":"https:\/\/spectrumfilaments.com\/de\/wp-json\/wp\/v2\/comments?post=17177"}],"version-history":[{"count":2,"href":"https:\/\/spectrumfilaments.com\/de\/wp-json\/wp\/v2\/pages\/17177\/revisions"}],"predecessor-version":[{"id":18804,"href":"https:\/\/spectrumfilaments.com\/de\/wp-json\/wp\/v2\/pages\/17177\/revisions\/18804"}],"wp:attachment":[{"href":"https:\/\/spectrumfilaments.com\/de\/wp-json\/wp\/v2\/media?parent=17177"}],"curies":[{"name":"wp","href":"https:\/\/api.w.org\/{rel}","templated":true}]}}