{"id":4424,"date":"2022-05-13T11:41:15","date_gmt":"2022-05-13T09:41:15","guid":{"rendered":"https:\/\/spectrumfilaments.com\/produkcja\/"},"modified":"2024-02-05T16:24:56","modified_gmt":"2024-02-05T15:24:56","slug":"produktionsprozess","status":"publish","type":"page","link":"https:\/\/spectrumfilaments.com\/de\/produktionsprozess\/","title":{"rendered":"Produktionsprozess"},"content":{"rendered":"\r\n  <section id=\"intro-text-1\"  class=\"intro-text text-align-left align wp-block-acf-intro-section\">\r\n    \r\n  <\/section><!-- \/.photo-with-text left-photo -->\r\n\r\n\r\n\n\n\r\n  <section id=\"photo-with-text-1\"  class=\"photo-with-text alignwide text-align-left alignwide wp-block-acf-photo-with-text\">\r\n    <div class=\"photo\">\r\n            <img decoding=\"async\" loading=\"lazy\" width=\"960\" height=\"780\" src=\"https:\/\/spectrumfilaments.com\/wp-content\/themes\/spectrumfilaments\/images\/placeholder.webp\" alt=\"\">\r\n          <\/div><!-- \/.photo -->\r\n    <div class=\"desc\">\r\n      <div class=\"text\">\r\n        \r\n      <\/div><!-- \/.text -->\r\n    <\/div><!-- \/.desc -->\r\n  <\/section><!-- \/.photo-with-text left-photo -->\r\n\n\n\n<figure class=\"wp-block-gallery alignwide has-nested-images columns-5 is-cropped wp-block-gallery-3 is-layout-flex wp-block-gallery-is-layout-flex\">\n<figure class=\"wp-block-image size-large\"><a href=\"https:\/\/spectrumfilaments.com\/wp-content\/uploads\/2022\/06\/verify-11.webp\"><img loading=\"lazy\" decoding=\"async\" width=\"1024\" height=\"902\" data-id=\"4378\" src=\"https:\/\/spectrumfilaments.com\/wp-content\/uploads\/2022\/06\/verify-11-1024x902.webp\" alt=\"\" class=\"wp-image-4378\" srcset=\"https:\/\/spectrumfilaments.com\/wp-content\/uploads\/2022\/06\/verify-11-1024x902.webp 1024w, https:\/\/spectrumfilaments.com\/wp-content\/uploads\/2022\/06\/verify-11-681x600.webp 681w, https:\/\/spectrumfilaments.com\/wp-content\/uploads\/2022\/06\/verify-11-768x677.webp 768w, https:\/\/spectrumfilaments.com\/wp-content\/uploads\/2022\/06\/verify-11.webp 1111w\" sizes=\"auto, (max-width: 1024px) 100vw, 1024px\" \/><\/a><\/figure>\n\n\n\n<figure class=\"wp-block-image size-large\"><a href=\"https:\/\/spectrumfilaments.com\/wp-content\/uploads\/2022\/06\/verify-10.webp\"><img loading=\"lazy\" decoding=\"async\" width=\"1024\" height=\"902\" data-id=\"4374\" src=\"https:\/\/spectrumfilaments.com\/wp-content\/uploads\/2022\/06\/verify-10-1024x902.webp\" alt=\"\" class=\"wp-image-4374\" srcset=\"https:\/\/spectrumfilaments.com\/wp-content\/uploads\/2022\/06\/verify-10-1024x902.webp 1024w, https:\/\/spectrumfilaments.com\/wp-content\/uploads\/2022\/06\/verify-10-681x600.webp 681w, https:\/\/spectrumfilaments.com\/wp-content\/uploads\/2022\/06\/verify-10-768x677.webp 768w, https:\/\/spectrumfilaments.com\/wp-content\/uploads\/2022\/06\/verify-10.webp 1111w\" sizes=\"auto, (max-width: 1024px) 100vw, 1024px\" \/><\/a><\/figure>\n\n\n\n<figure class=\"wp-block-image size-large\"><a href=\"https:\/\/spectrumfilaments.com\/wp-content\/uploads\/2022\/06\/verify-9.webp\"><img loading=\"lazy\" decoding=\"async\" width=\"1024\" height=\"902\" data-id=\"4370\" src=\"https:\/\/spectrumfilaments.com\/wp-content\/uploads\/2022\/06\/verify-9-1024x902.webp\" alt=\"\" class=\"wp-image-4370\" srcset=\"https:\/\/spectrumfilaments.com\/wp-content\/uploads\/2022\/06\/verify-9-1024x902.webp 1024w, https:\/\/spectrumfilaments.com\/wp-content\/uploads\/2022\/06\/verify-9-681x600.webp 681w, https:\/\/spectrumfilaments.com\/wp-content\/uploads\/2022\/06\/verify-9-768x677.webp 768w, https:\/\/spectrumfilaments.com\/wp-content\/uploads\/2022\/06\/verify-9.webp 1111w\" sizes=\"auto, (max-width: 1024px) 100vw, 1024px\" \/><\/a><\/figure>\n\n\n\n<figure class=\"wp-block-image size-large\"><a href=\"https:\/\/spectrumfilaments.com\/wp-content\/uploads\/2022\/06\/verify-8.webp\"><img loading=\"lazy\" decoding=\"async\" width=\"1024\" height=\"902\" data-id=\"4366\" src=\"https:\/\/spectrumfilaments.com\/wp-content\/uploads\/2022\/06\/verify-8-1024x902.webp\" alt=\"\" class=\"wp-image-4366\" srcset=\"https:\/\/spectrumfilaments.com\/wp-content\/uploads\/2022\/06\/verify-8-1024x902.webp 1024w, https:\/\/spectrumfilaments.com\/wp-content\/uploads\/2022\/06\/verify-8-681x600.webp 681w, https:\/\/spectrumfilaments.com\/wp-content\/uploads\/2022\/06\/verify-8-768x677.webp 768w, https:\/\/spectrumfilaments.com\/wp-content\/uploads\/2022\/06\/verify-8.webp 1111w\" sizes=\"auto, (max-width: 1024px) 100vw, 1024px\" \/><\/a><\/figure>\n\n\n\n<figure class=\"wp-block-image size-large\"><a href=\"https:\/\/spectrumfilaments.com\/wp-content\/uploads\/2022\/06\/verify-7.webp\"><img loading=\"lazy\" decoding=\"async\" width=\"1024\" height=\"902\" data-id=\"4362\" src=\"https:\/\/spectrumfilaments.com\/wp-content\/uploads\/2022\/06\/verify-7-1024x902.webp\" alt=\"\" class=\"wp-image-4362\" srcset=\"https:\/\/spectrumfilaments.com\/wp-content\/uploads\/2022\/06\/verify-7-1024x902.webp 1024w, https:\/\/spectrumfilaments.com\/wp-content\/uploads\/2022\/06\/verify-7-681x600.webp 681w, https:\/\/spectrumfilaments.com\/wp-content\/uploads\/2022\/06\/verify-7-768x677.webp 768w, https:\/\/spectrumfilaments.com\/wp-content\/uploads\/2022\/06\/verify-7.webp 1111w\" sizes=\"auto, (max-width: 1024px) 100vw, 1024px\" \/><\/a><\/figure>\n\n\n\n<figure class=\"wp-block-image size-large\"><a href=\"https:\/\/spectrumfilaments.com\/wp-content\/uploads\/2022\/06\/verify-6.webp\"><img loading=\"lazy\" decoding=\"async\" width=\"1024\" height=\"902\" data-id=\"4358\" src=\"https:\/\/spectrumfilaments.com\/wp-content\/uploads\/2022\/06\/verify-6-1024x902.webp\" alt=\"\" class=\"wp-image-4358\" srcset=\"https:\/\/spectrumfilaments.com\/wp-content\/uploads\/2022\/06\/verify-6-1024x902.webp 1024w, https:\/\/spectrumfilaments.com\/wp-content\/uploads\/2022\/06\/verify-6-681x600.webp 681w, https:\/\/spectrumfilaments.com\/wp-content\/uploads\/2022\/06\/verify-6-768x677.webp 768w, https:\/\/spectrumfilaments.com\/wp-content\/uploads\/2022\/06\/verify-6.webp 1111w\" sizes=\"auto, (max-width: 1024px) 100vw, 1024px\" \/><\/a><\/figure>\n\n\n\n<figure class=\"wp-block-image size-large\"><a href=\"https:\/\/spectrumfilaments.com\/wp-content\/uploads\/2022\/06\/verify-5.webp\"><img loading=\"lazy\" decoding=\"async\" width=\"1024\" height=\"902\" data-id=\"4354\" src=\"https:\/\/spectrumfilaments.com\/wp-content\/uploads\/2022\/06\/verify-5-1024x902.webp\" alt=\"\" class=\"wp-image-4354\" srcset=\"https:\/\/spectrumfilaments.com\/wp-content\/uploads\/2022\/06\/verify-5-1024x902.webp 1024w, https:\/\/spectrumfilaments.com\/wp-content\/uploads\/2022\/06\/verify-5-681x600.webp 681w, https:\/\/spectrumfilaments.com\/wp-content\/uploads\/2022\/06\/verify-5-768x677.webp 768w, https:\/\/spectrumfilaments.com\/wp-content\/uploads\/2022\/06\/verify-5.webp 1111w\" sizes=\"auto, (max-width: 1024px) 100vw, 1024px\" \/><\/a><\/figure>\n\n\n\n<figure class=\"wp-block-image size-large\"><a href=\"https:\/\/spectrumfilaments.com\/wp-content\/uploads\/2022\/06\/verify-4.webp\"><img loading=\"lazy\" decoding=\"async\" width=\"1024\" height=\"902\" data-id=\"4350\" src=\"https:\/\/spectrumfilaments.com\/wp-content\/uploads\/2022\/06\/verify-4-1024x902.webp\" alt=\"\" class=\"wp-image-4350\" srcset=\"https:\/\/spectrumfilaments.com\/wp-content\/uploads\/2022\/06\/verify-4-1024x902.webp 1024w, https:\/\/spectrumfilaments.com\/wp-content\/uploads\/2022\/06\/verify-4-681x600.webp 681w, https:\/\/spectrumfilaments.com\/wp-content\/uploads\/2022\/06\/verify-4-768x677.webp 768w, https:\/\/spectrumfilaments.com\/wp-content\/uploads\/2022\/06\/verify-4.webp 1111w\" sizes=\"auto, (max-width: 1024px) 100vw, 1024px\" \/><\/a><\/figure>\n\n\n\n<figure class=\"wp-block-image size-large\"><a href=\"https:\/\/spectrumfilaments.com\/wp-content\/uploads\/2022\/06\/verify-3.webp\"><img loading=\"lazy\" decoding=\"async\" width=\"1024\" height=\"902\" data-id=\"4346\" src=\"https:\/\/spectrumfilaments.com\/wp-content\/uploads\/2022\/06\/verify-3-1024x902.webp\" alt=\"\" class=\"wp-image-4346\" srcset=\"https:\/\/spectrumfilaments.com\/wp-content\/uploads\/2022\/06\/verify-3-1024x902.webp 1024w, https:\/\/spectrumfilaments.com\/wp-content\/uploads\/2022\/06\/verify-3-681x600.webp 681w, https:\/\/spectrumfilaments.com\/wp-content\/uploads\/2022\/06\/verify-3-768x677.webp 768w, https:\/\/spectrumfilaments.com\/wp-content\/uploads\/2022\/06\/verify-3.webp 1111w\" sizes=\"auto, (max-width: 1024px) 100vw, 1024px\" \/><\/a><\/figure>\n\n\n\n<figure class=\"wp-block-image size-large\"><a href=\"https:\/\/spectrumfilaments.com\/wp-content\/uploads\/2022\/06\/verify-2.webp\"><img loading=\"lazy\" decoding=\"async\" width=\"1024\" height=\"902\" data-id=\"4342\" src=\"https:\/\/spectrumfilaments.com\/wp-content\/uploads\/2022\/06\/verify-2-1024x902.webp\" alt=\"\" class=\"wp-image-4342\" srcset=\"https:\/\/spectrumfilaments.com\/wp-content\/uploads\/2022\/06\/verify-2-1024x902.webp 1024w, https:\/\/spectrumfilaments.com\/wp-content\/uploads\/2022\/06\/verify-2-681x600.webp 681w, https:\/\/spectrumfilaments.com\/wp-content\/uploads\/2022\/06\/verify-2-768x677.webp 768w, https:\/\/spectrumfilaments.com\/wp-content\/uploads\/2022\/06\/verify-2.webp 1111w\" sizes=\"auto, (max-width: 1024px) 100vw, 1024px\" \/><\/a><\/figure>\n<\/figure>\n\n\n\r\n  <section  class=\"production-photos-with-text alignwide text-align-left\">\r\n          <div class=\"production-photo-with-text right-photo\">\r\n        <div class=\"photo\">\r\n          <a href=\"https:\/\/spectrumfilaments.com\/wp-content\/uploads\/2022\/06\/pellet.webp\">\r\n            <img decoding=\"async\" loading=\"lazy\" src=\"https:\/\/spectrumfilaments.com\/wp-content\/uploads\/2022\/06\/pellet.webp\" alt=\"\">\r\n          <\/a>\r\n        <\/div><!-- \/.photo -->\r\n        <div class=\"desc\">\r\n          <div class=\"text\">\r\n            <div class=\"number\"><span>1<\/span><\/div><!-- \/.number -->\r\n            <p><strong>ROHSTOFFAUSWAHL UND TROCKNUNG<\/strong><\/p>\n<p>Alles beginnt mit der sorgf\u00e4ltigen Auswahl eines hochwertigen Polymers. Dar\u00fcber hinaus ist die Basis des gesamten Prozesses ein professionelles Wissen auf dem Gebiet der Extrusion. Das zur Filamentherstellung verwendete Polymer wird als farbloses Granulat geliefert. Hochempfindliche Granulatpartikel sollten vor der Extrusion gr\u00fcndlich getrocknet werden. Zur Trocknung werden die Pellets mit Hilfe von pneumatischen Zuf\u00fchrern zur Trocknungsanlage transportiert.<\/p>\n          <\/div><!-- \/.text -->\r\n        <\/div><!-- \/.desc -->\r\n      <\/div><!-- \/.production-photo-with-text right-photo -->\r\n          <div class=\"production-photo-with-text right-photo\">\r\n        <div class=\"photo\">\r\n          <a href=\"https:\/\/spectrumfilaments.com\/wp-content\/uploads\/2022\/06\/measurement.webp\">\r\n            <img decoding=\"async\" loading=\"lazy\" src=\"https:\/\/spectrumfilaments.com\/wp-content\/uploads\/2022\/06\/measurement.webp\" alt=\"\">\r\n          <\/a>\r\n        <\/div><!-- \/.photo -->\r\n        <div class=\"desc\">\r\n          <div class=\"text\">\r\n            <div class=\"number\"><span>2<\/span><\/div><!-- \/.number -->\r\n            <p><strong>EXTRUSION<\/strong><\/p>\n<p>Der Extruder ist ein Schl\u00fcsselelement der Linie, das f\u00fcr die Homogenisierung des Polymers verantwortlich ist. Die Pellets durchlaufen mehrere beheizte Zonen, die mit einer plastifizierenden Schnecke transportiert werden. Dieses Verfahren erm\u00f6glicht es dem Material zu schmelzen und sich mit Farbpigmenten oder anderen Zusatzstoffen zu vermischen. Um einen konstanten Durchmesser und ein homogenes Filament zu erhalten, ist eine strenge Druckkontrolle in jeder Zone des Extruders erforderlich.<\/p>\n          <\/div><!-- \/.text -->\r\n        <\/div><!-- \/.desc -->\r\n      <\/div><!-- \/.production-photo-with-text right-photo -->\r\n          <div class=\"production-photo-with-text right-photo\">\r\n        <div class=\"photo\">\r\n          <a href=\"https:\/\/spectrumfilaments.com\/wp-content\/uploads\/2022\/06\/cooling.webp\">\r\n            <img decoding=\"async\" loading=\"lazy\" src=\"https:\/\/spectrumfilaments.com\/wp-content\/uploads\/2022\/06\/cooling.webp\" alt=\"\">\r\n          <\/a>\r\n        <\/div><!-- \/.photo -->\r\n        <div class=\"desc\">\r\n          <div class=\"text\">\r\n            <div class=\"number\"><span>3<\/span><\/div><!-- \/.number -->\r\n            <p><strong>K\u00dcHLUNG<\/strong><\/p>\n<p>Ein weiteres Schl\u00fcsselelement des gesamten Produktionsprozesses ist die K\u00fchlung. Die Temperatur und Sauberkeit des K\u00fchlmittels m\u00fcssen unbedingt eingehalten werden, da sie einen erheblichen Einfluss auf das Endprodukt haben. Die erste K\u00fchlstufe, die als &#8222;warmes&#8220; Bad bezeichnet wird, verhindert eine unkontrollierte Schrumpfung des Materials und beeinflusst die Oberfl\u00e4chenqualit\u00e4t. In der letzten Phase wird das Filament in ein kaltes Wasserbad eingebracht, was eine effektive W\u00e4rmeableitung aus dem Faden erm\u00f6glicht.<\/p>\n          <\/div><!-- \/.text -->\r\n        <\/div><!-- \/.desc -->\r\n      <\/div><!-- \/.production-photo-with-text right-photo -->\r\n          <div class=\"production-photo-with-text right-photo\">\r\n        <div class=\"photo\">\r\n          <a href=\"https:\/\/spectrumfilaments.com\/wp-content\/uploads\/2022\/06\/extrusion.webp\">\r\n            <img decoding=\"async\" loading=\"lazy\" src=\"https:\/\/spectrumfilaments.com\/wp-content\/uploads\/2022\/06\/extrusion.webp\" alt=\"\">\r\n          <\/a>\r\n        <\/div><!-- \/.photo -->\r\n        <div class=\"desc\">\r\n          <div class=\"text\">\r\n            <div class=\"number\"><span>4<\/span><\/div><!-- \/.number -->\r\n            <p><strong>MESSUNG DES DURCHMESSERS<\/strong><\/p>\n<p>Bei der Herstellung wird das Filament kontinuierlich in 2 Achsen mit einer Genauigkeit von 0,8\u00b5m gemessen. Um sicherzustellen, dass das Messergebnis zuverl\u0161ssig ist, verwenden wir zertifizierte Lasermessger\u00e4te, die von einem weltweit bekannten und renommierten Schweizer Unternehmen entwickelt wurden. Im letzten Schritt gelangen die gesammelten Daten in unsere Datenbank, so dass der Endverbraucher die Parameter individuell f\u00fcr jede produzierte Spule online \u00fcberpr\u00fcfen kann. Pr\u00e4zise Messungen garantieren, dass unsere Produkte die strengen Marktanforderungen erf\u00fcllen.<\/p>\n          <\/div><!-- \/.text -->\r\n        <\/div><!-- \/.desc -->\r\n      <\/div><!-- \/.production-photo-with-text right-photo -->\r\n          <div class=\"production-photo-with-text right-photo\">\r\n        <div class=\"photo\">\r\n          <a href=\"https:\/\/spectrumfilaments.com\/wp-content\/uploads\/2022\/06\/winding.webp\">\r\n            <img decoding=\"async\" loading=\"lazy\" src=\"https:\/\/spectrumfilaments.com\/wp-content\/uploads\/2022\/06\/winding.webp\" alt=\"\">\r\n          <\/a>\r\n        <\/div><!-- \/.photo -->\r\n        <div class=\"desc\">\r\n          <div class=\"text\">\r\n            <div class=\"number\"><span>5<\/span><\/div><!-- \/.number -->\r\n            <p><strong>WICKELN<\/strong><\/p>\n<p>Die Qualit\u00e4t des Aufwickelns wird oft untersch\u00e4tzt, aber jeder wei\u00df, wie wichtig dieser Faktor beim 3D-Druck ist. Filamentverwicklungen k\u00f6nnen nur vermieden werden, wenn die Spule richtig gewickelt ist. Deshalb achten wir auf diesen letzten Schritt des Produktionsprozesses und arbeiten st\u00e4ndig daran, ihn zu verbessern.<\/p>\n          <\/div><!-- \/.text -->\r\n        <\/div><!-- \/.desc -->\r\n      <\/div><!-- \/.production-photo-with-text right-photo -->\r\n          <div class=\"production-photo-with-text right-photo\">\r\n        <div class=\"photo\">\r\n          <a href=\"https:\/\/spectrumfilaments.com\/wp-content\/uploads\/2022\/06\/packing.webp\">\r\n            <img decoding=\"async\" loading=\"lazy\" src=\"https:\/\/spectrumfilaments.com\/wp-content\/uploads\/2022\/06\/packing.webp\" alt=\"\">\r\n          <\/a>\r\n        <\/div><!-- \/.photo -->\r\n        <div class=\"desc\">\r\n          <div class=\"text\">\r\n            <div class=\"number\"><span>6<\/span><\/div><!-- \/.number -->\r\n            <p><strong>KONFEKTIONIERUNG<\/strong><\/p>\n<p>Jede Filamentspule der Marke Spectrum ist vakuumverpackt und enth\u00e4lt ein Trockenmittel mit Kieselgel. F\u00fcr die Vakuumverpackung verwenden wir Folie mit Rei\u00dfverschluss, die es dem Endverbraucher erm\u00f6glicht, das Filament nach dem Gebrauch wieder gr\u00fcndlich zu verpacken und die Feuchtigkeitsaufnahme zu verhindern. Jede Spule enth\u00e4lt Informationen \u00fcber die Materialart, Durchmesser und empfohlene Drucktemperatur. Anschlie\u00dfend wird das Filament in eine Pappschachtel gelegt, die zus\u00e4tzlich foliert ist.<\/p>\n          <\/div><!-- \/.text -->\r\n        <\/div><!-- \/.desc -->\r\n      <\/div><!-- \/.production-photo-with-text right-photo -->\r\n      <\/section><!-- \/.full-section -->\r\n\r\n","protected":false},"excerpt":{"rendered":"","protected":false},"author":1,"featured_media":0,"parent":0,"menu_order":0,"comment_status":"closed","ping_status":"closed","template":"template_page.php","meta":{"_acf_changed":false,"footnotes":""},"class_list":["post-4424","page","type-page","status-publish","hentry"],"acf":[],"_links":{"self":[{"href":"https:\/\/spectrumfilaments.com\/de\/wp-json\/wp\/v2\/pages\/4424","targetHints":{"allow":["GET"]}}],"collection":[{"href":"https:\/\/spectrumfilaments.com\/de\/wp-json\/wp\/v2\/pages"}],"about":[{"href":"https:\/\/spectrumfilaments.com\/de\/wp-json\/wp\/v2\/types\/page"}],"author":[{"embeddable":true,"href":"https:\/\/spectrumfilaments.com\/de\/wp-json\/wp\/v2\/users\/1"}],"replies":[{"embeddable":true,"href":"https:\/\/spectrumfilaments.com\/de\/wp-json\/wp\/v2\/comments?post=4424"}],"version-history":[{"count":11,"href":"https:\/\/spectrumfilaments.com\/de\/wp-json\/wp\/v2\/pages\/4424\/revisions"}],"predecessor-version":[{"id":12024,"href":"https:\/\/spectrumfilaments.com\/de\/wp-json\/wp\/v2\/pages\/4424\/revisions\/12024"}],"wp:attachment":[{"href":"https:\/\/spectrumfilaments.com\/de\/wp-json\/wp\/v2\/media?parent=4424"}],"curies":[{"name":"wp","href":"https:\/\/api.w.org\/{rel}","templated":true}]}}