{"id":4425,"date":"2022-05-11T13:01:40","date_gmt":"2022-05-11T11:01:40","guid":{"rendered":"https:\/\/spectrumfilaments.com\/dostepne-szpule\/"},"modified":"2022-06-09T16:31:34","modified_gmt":"2022-06-09T14:31:34","slug":"grammaturen","status":"publish","type":"page","link":"https:\/\/spectrumfilaments.com\/de\/grammaturen\/","title":{"rendered":"Grammaturen"},"content":{"rendered":"\n<p>In der folgenden Tabelle finden Sie eine Liste aller Filamente aus unserem Portfolio mit den verf\u00fcgbaren Grammaturen, die im Standardangebot enthalten sind. Wenn Sie eine benutzerdefinierte Spulengr\u00f6\u00dfe ben\u00f6tigen, schreiben Sie uns an:\u00a0<a href=\"mailto:office@spectrumfilaments.com\">office@spectrumfilaments.com<\/a><\/p>\n","protected":false},"excerpt":{"rendered":"<p>In der folgenden Tabelle finden Sie eine Liste aller Filamente aus unserem Portfolio mit den verf\u00fcgbaren Grammaturen, die im Standardangebot enthalten sind. Wenn Sie eine benutzerdefinierte Spulengr\u00f6\u00dfe ben\u00f6tigen, schreiben Sie uns an:\u00a0office@spectrumfilaments.com<\/p>\n","protected":false},"author":1,"featured_media":0,"parent":0,"menu_order":0,"comment_status":"closed","ping_status":"closed","template":"template_spool_weights.php","meta":{"_acf_changed":false,"footnotes":""},"class_list":["post-4425","page","type-page","status-publish","hentry"],"acf":[],"_links":{"self":[{"href":"https:\/\/spectrumfilaments.com\/de\/wp-json\/wp\/v2\/pages\/4425","targetHints":{"allow":["GET"]}}],"collection":[{"href":"https:\/\/spectrumfilaments.com\/de\/wp-json\/wp\/v2\/pages"}],"about":[{"href":"https:\/\/spectrumfilaments.com\/de\/wp-json\/wp\/v2\/types\/page"}],"author":[{"embeddable":true,"href":"https:\/\/spectrumfilaments.com\/de\/wp-json\/wp\/v2\/users\/1"}],"replies":[{"embeddable":true,"href":"https:\/\/spectrumfilaments.com\/de\/wp-json\/wp\/v2\/comments?post=4425"}],"version-history":[{"count":3,"href":"https:\/\/spectrumfilaments.com\/de\/wp-json\/wp\/v2\/pages\/4425\/revisions"}],"predecessor-version":[{"id":4526,"href":"https:\/\/spectrumfilaments.com\/de\/wp-json\/wp\/v2\/pages\/4425\/revisions\/4526"}],"wp:attachment":[{"href":"https:\/\/spectrumfilaments.com\/de\/wp-json\/wp\/v2\/media?parent=4425"}],"curies":[{"name":"wp","href":"https:\/\/api.w.org\/{rel}","templated":true}]}}